{"id":435,"date":"2023-01-05T21:17:52","date_gmt":"2023-01-05T21:17:52","guid":{"rendered":"https:\/\/oprema.grga-projektiranje.hr\/?post_type=product&#038;p=435"},"modified":"2023-09-21T11:25:16","modified_gmt":"2023-09-21T11:25:16","slug":"bluebox-zeta-rev-hp-xt","status":"publish","type":"product","link":"https:\/\/oprema.grga-projektiranje.hr\/?product=bluebox-zeta-rev-hp-xt","title":{"rendered":"BlueBox Zeta Rev HP XT"},"content":{"rendered":"<tr>\n<td width=\"497\">Visokotemperaturna dizalica topline zrak-voda sa zrakom hla\u0111enim kondenzatorom predvi\u0111ena za vanjsku ugradnju. Dizalica topline ima mogu\u0107nost zagrijavanja vode do 65\u00b0C tokom cijele godine, te se isporu\u010duje se sa svim senzorima potrebnim za potpuno automatski re\u017eima rada. Ure\u0111aj je u mogu\u0107nosti isporu\u010diti temperaturu polaza od 65\u00b0C pri temperaturi okoli\u0161a od -10\u00b0C, 60\u00b0C pri temperaturi okoli\u0161a -15\u00b0C, odnosno 55\u00b0C pri temperaturi okoli\u0161a -20\u00b0C.<\/td>\n<\/tr>\n<tr>\n<td>Ure\u0111aj ima naprednu Defrost logiku s mjerenjem struje ventilatora, protusmjerne vrtnje ventilatora za izbacivanje leda izme\u0111u lamela i ni\u017eih sekcija vanjskog izmjeniva\u010da topline koje se griju s pregrijanim parama na izlazu iz kompresora.<\/td>\n<\/tr>\n<tr>\n<td>Ure\u0111aj automatski radi grijanje, hla\u0111enje i pripremu potro\u0161ne tople vode preko kontrole i nadzora troputnog ventila i temperaturne sonde PTV-a. Konstrukcija ure\u0111aja izvedena je od pocin\u010danih \u010deli\u010dnih profila koji su dodatno za\u0161ti\u0107eni od agresivne okoline.<\/td>\n<\/tr>\n<tr>\n<td>Dizalica topline sa BlueThink kontrolom upravljanja do 32 jedinice s jednostavnim povezivanjem jedinica LAN putem. Mogu\u0107nost povezivanja na online servisnu podr\u0161ku preko Blueye Logic-a. Dizalica topline se isporu\u010duje u jednom komadu, tvorni\u010dki ispitana i Eurovent certificirana.<\/td>\n<\/tr>\n<tr>\n<td><\/td>\n<\/tr>\n<tr>\n<td>Proizvod BLUEBOX tip Zeta Rev HP XT 18.4<\/td>\n<\/tr>\n<tr>\n<td>Tehni\u010dke karakteristike pri Eurovent uvjetima:<\/td>\n<\/tr>\n<tr>\n<td>Rashladni u\u010dinak: min 183,7 [kW] kod temperature vode u ispariva\u010du 7\/12 [\u00b0C] i temperature zraka na usisu u kondenzator 35 [\u00b0C]<\/td>\n<\/tr>\n<tr>\n<td>EER =\u00a0 min. 2,77<\/td>\n<\/tr>\n<tr>\n<td>SEER = min. 3,68<\/td>\n<\/tr>\n<tr>\n<td>Ogrjevni u\u010dinak: min. 204,3 [kW] kod temperature vode u kondenzatoru 45\/40 [\u00b0C] i temperature okoline 7 [\u00b0C]<\/td>\n<\/tr>\n<tr>\n<td>COP = min. 3,32<\/td>\n<\/tr>\n<tr>\n<td>Ukupno apsorbirana el. snaga stroja u grijanju ili hla\u0111enju: maks. 62 [kW]<\/td>\n<\/tr>\n<tr>\n<td>Napajanje: 400V &#8211; 3ph &#8211; 50Hz<\/td>\n<\/tr>\n<tr>\n<td>Tehni\u010dke karakteristike pri projektnim uvjetima:<\/td>\n<\/tr>\n<tr>\n<td>Minimalni rashladni u\u010dinak: 184 [kW] kod temperature 35% MEG u ispariva\u010du 7\/12 [\u00b0C] i temperature zraka na usisu u kondenzator 35 [\u00b0C]<\/td>\n<\/tr>\n<tr>\n<td>Minimalni ogrjevni u\u010dinak: 128 [kW] kod temperature 35% MEG u kondenzatoru 55\/50 [\u00b0C] i temperature okoline -20 [\u00b0C].<\/td>\n<\/tr>\n<tr>\n<td>Minimalni COP = 1,97 [prema EN14511]<\/td>\n<\/tr>\n<tr>\n<td>Ukupno apsorbirana el. snaga stroja u grijanju ili hla\u0111enju: maks. 67 [kW]<\/td>\n<\/tr>\n<tr>\n<td>Max. zvu\u010dna snaga: 85 dB(A) [prema ISO3744]<\/td>\n<\/tr>\n<tr>\n<td>Max. zvu\u010dni tlak na udaljenosti 10 m od stroja ne smije biti ve\u0107i od: 53 dB(A) [prema ISO3744]<\/td>\n<\/tr>\n<tr>\n<td>Masa ure\u0111aja: 2131 kg<\/td>\n<\/tr>\n<tr>\n<td>Dimenzije: D x \u0160 x V [mm] 5249 x 1119 x 2400<\/td>\n<\/tr>\n<tr>\n<td>Ure\u0111aj treba imati slijede\u0107e komponente:<\/td>\n<\/tr>\n<tr>\n<td>Elektro ormar treba biti u klasi IP 54 ugra\u0111en na ure\u0111aju sa svim elementima i o\u017ei\u010denjem potrebnim za siguran i ispavan rad ure\u0111aja, mikroprocesorom za kontrolu i vo\u0111enje rada ure\u0111aja. Mikroprocesor mora osigurati potpuno automatski rad ure\u0111aja.<\/td>\n<\/tr>\n<tr>\n<td>Oprema koja treba biti sadr\u017eana u isporuci dizalice topline:<\/td>\n<\/tr>\n<tr>\n<td>* DI: Set point reset, prekretanje G\/H DO: Signal gre\u0161ke<\/td>\n<\/tr>\n<tr>\n<td>* 1PS &#8211; Hidro modul s jednom cirkulacijskom pumpom te integriranim inercijskim spremnikom vode min. 700 L [raspolo\u017eivi eksterni pad tlaka pumpe min. 140 kPa]<\/td>\n<\/tr>\n<tr>\n<td>* FM0\/FM2 &#8211; master\/slave funkcija<\/td>\n<\/tr>\n<tr>\n<td>* LN &#8211; tiha izvedba<\/td>\n<\/tr>\n<tr>\n<td>* TERM &#8211; daljinski upravlja\u010d<\/td>\n<\/tr>\n<tr>\n<td>* AS &#8211; automatska regulacija za pripremu potro\u0161ne tople vode<\/td>\n<\/tr>\n<tr>\n<td>* AG &#8211; Gumene antivibracijske podlo\u0161ke<\/td>\n<\/tr>\n<tr>\n<td>* RAV &#8211; grija\u010d tavice kondenzata<\/td>\n<\/tr>\n<tr>\n<td>* LIID &#8211; ograni\u010denje priklju\u010dne snage ure\u0111aja<\/td>\n<\/tr>\n<tr>\n<td>* SID &#8211; hidrauli\u010dki odvojen spremnik<\/td>\n<\/tr>\n<tr>\n<td>* CA &#8211; napredna kontrola<\/td>\n<\/tr>\n<tr>\n<td>* V3 &#8211; troputni ventil<\/td>\n<\/tr>\n<tr>\n<td>Ure\u0111aj treba tvorni\u010dki biti isporu\u010den prema gore navedenom te spreman za rad nakon hidrauli\u010dkog i elektri\u010dnog spajanja. Dodatne isporuke opreme i software-a nisu dopu\u0161tene, odnosno ako budu potrebne idu na teret isporu\u010ditelja.<\/td>\n<\/tr>\n<tr>\n<td>Parametri i elementi koji su nu\u017ean uvjet kod dokazivanja jednakovrijednosti:<\/td>\n<\/tr>\n<tr>\n<td>&#8211; minimalni stupanj iskoristivosti (SEER, EER, COP) pri\u00a0 Eurovent uvjetima &#8211; potvr\u0111eno Eurovent certifikatom.<\/td>\n<\/tr>\n<tr>\n<td>&#8211; minimalni potrebni rashladni i ogrjevni u\u010dini te temperaturni re\u017eimi kod projektnih parametara<\/td>\n<\/tr>\n<tr>\n<td>&#8211; zapremnina integriranog inercijskog spremnika, broj i visina dobave pumpi<\/td>\n<\/tr>\n<tr>\n<td>&#8211; nivo zvu\u010dne snage i nivo zvu\u010dnog tlaka na 10 m<\/td>\n<\/tr>\n<tr>\n<td>&#8211; navedena dodatna oprema ure\u0111aja s karakteristikama<\/td>\n<\/tr>\n<\/tbody>\n<\/table>\n","protected":false},"excerpt":{"rendered":"<p>Visokotemperaturna dizalica topline zrak-voda sa zrakom hla\u0111enim kondenzatorom predvi\u0111ena za vanjsku ugradnju. Dizalica topline ima mogu\u0107nost zagrijavanja vode do 65\u00b0C tokom cijele godine, te se isporu\u010duje se sa svim senzorima potrebnim za potpuno automatski re\u017eima rada. Ure\u0111aj je u mogu\u0107nosti isporu\u010diti temperaturu polaza od 65\u00b0C pri temperaturi okoli\u0161a od -10\u00b0C, 60\u00b0C pri temperaturi okoli\u0161a -15\u00b0C,<\/p>\n<div class=\"more-link\">\n\t\t\t\t <a href=\"https:\/\/oprema.grga-projektiranje.hr\/?product=bluebox-zeta-rev-hp-xt\" class=\"btn theme-btn\"><span>Continue Reading <\/span><i class=\"icofont-thin-double-right\"><\/i><\/a>\n\t\t\t<\/div>\n","protected":false},"featured_media":436,"template":"","meta":{"spay_email":""},"product_cat":[18,43],"product_tag":[],"class_list":{"0":"post-435","1":"product","2":"type-product","3":"status-publish","4":"has-post-thumbnail","6":"product_cat-dizalice-topline","7":"product_cat-regulacije-i-termostati","9":"first","10":"instock","11":"taxable","12":"shipping-taxable","13":"product-type-variable"},"_links":{"self":[{"href":"https:\/\/oprema.grga-projektiranje.hr\/index.php?rest_route=\/wp\/v2\/product\/435","targetHints":{"allow":["GET"]}}],"collection":[{"href":"https:\/\/oprema.grga-projektiranje.hr\/index.php?rest_route=\/wp\/v2\/product"}],"about":[{"href":"https:\/\/oprema.grga-projektiranje.hr\/index.php?rest_route=\/wp\/v2\/types\/product"}],"wp:featuredmedia":[{"embeddable":true,"href":"https:\/\/oprema.grga-projektiranje.hr\/index.php?rest_route=\/wp\/v2\/media\/436"}],"wp:attachment":[{"href":"https:\/\/oprema.grga-projektiranje.hr\/index.php?rest_route=%2Fwp%2Fv2%2Fmedia&parent=435"}],"wp:term":[{"taxonomy":"product_cat","embeddable":true,"href":"https:\/\/oprema.grga-projektiranje.hr\/index.php?rest_route=%2Fwp%2Fv2%2Fproduct_cat&post=435"},{"taxonomy":"product_tag","embeddable":true,"href":"https:\/\/oprema.grga-projektiranje.hr\/index.php?rest_route=%2Fwp%2Fv2%2Fproduct_tag&post=435"}],"curies":[{"name":"wp","href":"https:\/\/api.w.org\/{rel}","templated":true}]}}